{"id":9,"date":"2026-03-02T08:45:55","date_gmt":"2026-03-02T07:45:55","guid":{"rendered":"https:\/\/site27.monsitecommeunpro.fr\/?page_id=9"},"modified":"2026-03-16T11:37:13","modified_gmt":"2026-03-16T10:37:13","slug":"page-daccueil","status":"publish","type":"page","link":"https:\/\/site27.monsitecommeunpro.fr\/","title":{"rendered":"Les L\u00e9gendes Du Tennis"},"content":{"rendered":"\n<p class=\"has-text-align-center\">Bienvenue \u00e0 toi sur notre site qui te propose de d\u00e9couvrir les plus grands joueurs et les plus grandes joueuses de l&rsquo;histoire du tennis ainsi que les actualit\u00e9s !!!<\/p>\n\n\n\n<figure class=\"wp-block-image aligncenter size-full is-resized\"><img loading=\"lazy\" decoding=\"async\" width=\"275\" height=\"183\" src=\"https:\/\/site27.monsitecommeunpro.fr\/wp-content\/uploads\/2026\/03\/hyftdesz.jpg\" alt=\"\" class=\"wp-image-164\" style=\"width:351px;height:auto\"\/><\/figure>\n\n\n\n<p><\/p>\n","protected":false},"excerpt":{"rendered":"<p>Bienvenue \u00e0 toi sur notre site qui te propose de d\u00e9couvrir les plus grands joueurs et les plus grandes joueuses [&hellip;]<\/p>\n","protected":false},"author":1,"featured_media":164,"parent":0,"menu_order":0,"comment_status":"closed","ping_status":"closed","template":"","meta":{"site-sidebar-layout":"no-sidebar","site-content-layout":"plain-container","ast-site-content-layout":"default","site-content-style":"default","site-sidebar-style":"default","ast-global-header-display":"","ast-banner-title-visibility":"","ast-main-header-display":"","ast-hfb-above-header-display":"","ast-hfb-below-header-display":"","ast-hfb-mobile-header-display":"","site-post-title":"disabled","ast-breadcrumbs-content":"","ast-featured-img":"","footer-sml-layout":"","theme-transparent-header-meta":"enabled","adv-header-id-meta":"","stick-header-meta":"","header-above-stick-meta":"","header-main-stick-meta":"","header-below-stick-meta":"","astra-migrate-meta-layouts":"default","ast-page-background-enabled":"default","ast-page-background-meta":{"desktop":{"background-color":"var(--ast-global-color-5)","background-image":"","background-repeat":"repeat","background-position":"center center","background-size":"auto","background-attachment":"scroll","background-type":"","background-media":"","overlay-type":"","overlay-color":"","overlay-opacity":"","overlay-gradient":""},"tablet":{"background-color":"","background-image":"","background-repeat":"repeat","background-position":"center center","background-size":"auto","background-attachment":"scroll","background-type":"","background-media":"","overlay-type":"","overlay-color":"","overlay-opacity":"","overlay-gradient":""},"mobile":{"background-color":"","background-image":"","background-repeat":"repeat","background-position":"center center","background-size":"auto","background-attachment":"scroll","background-type":"","background-media":"","overlay-type":"","overlay-color":"","overlay-opacity":"","overlay-gradient":""}},"ast-content-background-meta":{"desktop":{"background-color":"var(--ast-global-color-4)","background-image":"","background-repeat":"repeat","background-position":"center center","background-size":"auto","background-attachment":"scroll","background-type":"","background-media":"","overlay-type":"","overlay-color":"","overlay-opacity":"","overlay-gradient":""},"tablet":{"background-color":"var(--ast-global-color-4)","background-image":"","background-repeat":"repeat","background-position":"center center","background-size":"auto","background-attachment":"scroll","background-type":"","background-media":"","overlay-type":"","overlay-color":"","overlay-opacity":"","overlay-gradient":""},"mobile":{"background-color":"var(--ast-global-color-4)","background-image":"","background-repeat":"repeat","background-position":"center center","background-size":"auto","background-attachment":"scroll","background-type":"","background-media":"","overlay-type":"","overlay-color":"","overlay-opacity":"","overlay-gradient":""}},"footnotes":""},"class_list":["post-9","page","type-page","status-publish","has-post-thumbnail","hentry"],"yoast_head":"<!-- This site is optimized with the Yoast SEO plugin v27.0 - https:\/\/yoast.com\/product\/yoast-seo-wordpress\/ -->\n<title>Les L\u00e9gendes Du Tennis - Tennis Pro<\/title>\n<meta name=\"robots\" content=\"index, follow, max-snippet:-1, max-image-preview:large, max-video-preview:-1\" \/>\n<link rel=\"canonical\" href=\"https:\/\/site27.monsitecommeunpro.fr\/\" \/>\n<meta property=\"og:locale\" content=\"fr_FR\" \/>\n<meta property=\"og:type\" content=\"article\" \/>\n<meta property=\"og:title\" content=\"Les L\u00e9gendes Du Tennis - Tennis Pro\" \/>\n<meta property=\"og:description\" content=\"Bienvenue \u00e0 toi sur notre site qui te propose de d\u00e9couvrir les plus grands joueurs et les plus grandes joueuses [&hellip;]\" \/>\n<meta property=\"og:url\" content=\"https:\/\/site27.monsitecommeunpro.fr\/\" \/>\n<meta property=\"og:site_name\" content=\"Tennis Pro\" \/>\n<meta property=\"article:modified_time\" content=\"2026-03-16T10:37:13+00:00\" \/>\n<meta property=\"og:image\" content=\"https:\/\/site27.monsitecommeunpro.fr\/wp-content\/uploads\/2026\/03\/hyftdesz.jpg\" \/>\n\t<meta property=\"og:image:width\" content=\"275\" \/>\n\t<meta property=\"og:image:height\" content=\"183\" \/>\n\t<meta property=\"og:image:type\" content=\"image\/jpeg\" \/>\n<meta name=\"twitter:card\" content=\"summary_large_image\" \/>\n<script type=\"application\/ld+json\" class=\"yoast-schema-graph\">{\"@context\":\"https:\/\/schema.org\",\"@graph\":[{\"@type\":\"WebPage\",\"@id\":\"https:\/\/site27.monsitecommeunpro.fr\/\",\"url\":\"https:\/\/site27.monsitecommeunpro.fr\/\",\"name\":\"Les L\u00e9gendes Du Tennis - Tennis Pro\",\"isPartOf\":{\"@id\":\"https:\/\/site27.monsitecommeunpro.fr\/#website\"},\"primaryImageOfPage\":{\"@id\":\"https:\/\/site27.monsitecommeunpro.fr\/#primaryimage\"},\"image\":{\"@id\":\"https:\/\/site27.monsitecommeunpro.fr\/#primaryimage\"},\"thumbnailUrl\":\"https:\/\/site27.monsitecommeunpro.fr\/wp-content\/uploads\/2026\/03\/hyftdesz.jpg\",\"datePublished\":\"2026-03-02T07:45:55+00:00\",\"dateModified\":\"2026-03-16T10:37:13+00:00\",\"breadcrumb\":{\"@id\":\"https:\/\/site27.monsitecommeunpro.fr\/#breadcrumb\"},\"inLanguage\":\"fr-FR\",\"potentialAction\":[{\"@type\":\"ReadAction\",\"target\":[\"https:\/\/site27.monsitecommeunpro.fr\/\"]}]},{\"@type\":\"ImageObject\",\"inLanguage\":\"fr-FR\",\"@id\":\"https:\/\/site27.monsitecommeunpro.fr\/#primaryimage\",\"url\":\"https:\/\/site27.monsitecommeunpro.fr\/wp-content\/uploads\/2026\/03\/hyftdesz.jpg\",\"contentUrl\":\"https:\/\/site27.monsitecommeunpro.fr\/wp-content\/uploads\/2026\/03\/hyftdesz.jpg\",\"width\":275,\"height\":183},{\"@type\":\"BreadcrumbList\",\"@id\":\"https:\/\/site27.monsitecommeunpro.fr\/#breadcrumb\",\"itemListElement\":[{\"@type\":\"ListItem\",\"position\":1,\"name\":\"Accueil\",\"item\":\"https:\/\/site27.monsitecommeunpro.fr\/\"},{\"@type\":\"ListItem\",\"position\":2,\"name\":\"Les L\u00e9gendes Du Tennis\"}]},{\"@type\":\"WebSite\",\"@id\":\"https:\/\/site27.monsitecommeunpro.fr\/#website\",\"url\":\"https:\/\/site27.monsitecommeunpro.fr\/\",\"name\":\"Tennis Pro\",\"description\":\"Plus qu&#039;un simple sport, c&#039;est une passion !\",\"publisher\":{\"@id\":\"https:\/\/site27.monsitecommeunpro.fr\/#organization\"},\"potentialAction\":[{\"@type\":\"SearchAction\",\"target\":{\"@type\":\"EntryPoint\",\"urlTemplate\":\"https:\/\/site27.monsitecommeunpro.fr\/?s={search_term_string}\"},\"query-input\":{\"@type\":\"PropertyValueSpecification\",\"valueRequired\":true,\"valueName\":\"search_term_string\"}}],\"inLanguage\":\"fr-FR\"},{\"@type\":\"Organization\",\"@id\":\"https:\/\/site27.monsitecommeunpro.fr\/#organization\",\"name\":\"Tennis Pro\",\"url\":\"https:\/\/site27.monsitecommeunpro.fr\/\",\"logo\":{\"@type\":\"ImageObject\",\"inLanguage\":\"fr-FR\",\"@id\":\"https:\/\/site27.monsitecommeunpro.fr\/#\/schema\/logo\/image\/\",\"url\":\"https:\/\/site27.monsitecommeunpro.fr\/wp-content\/uploads\/2026\/03\/cropped-vdhvhru.jpeg\",\"contentUrl\":\"https:\/\/site27.monsitecommeunpro.fr\/wp-content\/uploads\/2026\/03\/cropped-vdhvhru.jpeg\",\"width\":175,\"height\":176,\"caption\":\"Tennis Pro\"},\"image\":{\"@id\":\"https:\/\/site27.monsitecommeunpro.fr\/#\/schema\/logo\/image\/\"}}]}<\/script>\n<!-- \/ Yoast SEO plugin. -->","yoast_head_json":{"title":"Les L\u00e9gendes Du Tennis - Tennis Pro","robots":{"index":"index","follow":"follow","max-snippet":"max-snippet:-1","max-image-preview":"max-image-preview:large","max-video-preview":"max-video-preview:-1"},"canonical":"https:\/\/site27.monsitecommeunpro.fr\/","og_locale":"fr_FR","og_type":"article","og_title":"Les L\u00e9gendes Du Tennis - Tennis Pro","og_description":"Bienvenue \u00e0 toi sur notre site qui te propose de d\u00e9couvrir les plus grands joueurs et les plus grandes joueuses [&hellip;]","og_url":"https:\/\/site27.monsitecommeunpro.fr\/","og_site_name":"Tennis Pro","article_modified_time":"2026-03-16T10:37:13+00:00","og_image":[{"width":275,"height":183,"url":"https:\/\/site27.monsitecommeunpro.fr\/wp-content\/uploads\/2026\/03\/hyftdesz.jpg","type":"image\/jpeg"}],"twitter_card":"summary_large_image","schema":{"@context":"https:\/\/schema.org","@graph":[{"@type":"WebPage","@id":"https:\/\/site27.monsitecommeunpro.fr\/","url":"https:\/\/site27.monsitecommeunpro.fr\/","name":"Les L\u00e9gendes Du Tennis - Tennis Pro","isPartOf":{"@id":"https:\/\/site27.monsitecommeunpro.fr\/#website"},"primaryImageOfPage":{"@id":"https:\/\/site27.monsitecommeunpro.fr\/#primaryimage"},"image":{"@id":"https:\/\/site27.monsitecommeunpro.fr\/#primaryimage"},"thumbnailUrl":"https:\/\/site27.monsitecommeunpro.fr\/wp-content\/uploads\/2026\/03\/hyftdesz.jpg","datePublished":"2026-03-02T07:45:55+00:00","dateModified":"2026-03-16T10:37:13+00:00","breadcrumb":{"@id":"https:\/\/site27.monsitecommeunpro.fr\/#breadcrumb"},"inLanguage":"fr-FR","potentialAction":[{"@type":"ReadAction","target":["https:\/\/site27.monsitecommeunpro.fr\/"]}]},{"@type":"ImageObject","inLanguage":"fr-FR","@id":"https:\/\/site27.monsitecommeunpro.fr\/#primaryimage","url":"https:\/\/site27.monsitecommeunpro.fr\/wp-content\/uploads\/2026\/03\/hyftdesz.jpg","contentUrl":"https:\/\/site27.monsitecommeunpro.fr\/wp-content\/uploads\/2026\/03\/hyftdesz.jpg","width":275,"height":183},{"@type":"BreadcrumbList","@id":"https:\/\/site27.monsitecommeunpro.fr\/#breadcrumb","itemListElement":[{"@type":"ListItem","position":1,"name":"Accueil","item":"https:\/\/site27.monsitecommeunpro.fr\/"},{"@type":"ListItem","position":2,"name":"Les L\u00e9gendes Du Tennis"}]},{"@type":"WebSite","@id":"https:\/\/site27.monsitecommeunpro.fr\/#website","url":"https:\/\/site27.monsitecommeunpro.fr\/","name":"Tennis Pro","description":"Plus qu&#039;un simple sport, c&#039;est une passion !","publisher":{"@id":"https:\/\/site27.monsitecommeunpro.fr\/#organization"},"potentialAction":[{"@type":"SearchAction","target":{"@type":"EntryPoint","urlTemplate":"https:\/\/site27.monsitecommeunpro.fr\/?s={search_term_string}"},"query-input":{"@type":"PropertyValueSpecification","valueRequired":true,"valueName":"search_term_string"}}],"inLanguage":"fr-FR"},{"@type":"Organization","@id":"https:\/\/site27.monsitecommeunpro.fr\/#organization","name":"Tennis Pro","url":"https:\/\/site27.monsitecommeunpro.fr\/","logo":{"@type":"ImageObject","inLanguage":"fr-FR","@id":"https:\/\/site27.monsitecommeunpro.fr\/#\/schema\/logo\/image\/","url":"https:\/\/site27.monsitecommeunpro.fr\/wp-content\/uploads\/2026\/03\/cropped-vdhvhru.jpeg","contentUrl":"https:\/\/site27.monsitecommeunpro.fr\/wp-content\/uploads\/2026\/03\/cropped-vdhvhru.jpeg","width":175,"height":176,"caption":"Tennis Pro"},"image":{"@id":"https:\/\/site27.monsitecommeunpro.fr\/#\/schema\/logo\/image\/"}}]}},"_links":{"self":[{"href":"https:\/\/site27.monsitecommeunpro.fr\/index.php?rest_route=\/wp\/v2\/pages\/9","targetHints":{"allow":["GET"]}}],"collection":[{"href":"https:\/\/site27.monsitecommeunpro.fr\/index.php?rest_route=\/wp\/v2\/pages"}],"about":[{"href":"https:\/\/site27.monsitecommeunpro.fr\/index.php?rest_route=\/wp\/v2\/types\/page"}],"author":[{"embeddable":true,"href":"https:\/\/site27.monsitecommeunpro.fr\/index.php?rest_route=\/wp\/v2\/users\/1"}],"replies":[{"embeddable":true,"href":"https:\/\/site27.monsitecommeunpro.fr\/index.php?rest_route=%2Fwp%2Fv2%2Fcomments&post=9"}],"version-history":[{"count":3,"href":"https:\/\/site27.monsitecommeunpro.fr\/index.php?rest_route=\/wp\/v2\/pages\/9\/revisions"}],"predecessor-version":[{"id":165,"href":"https:\/\/site27.monsitecommeunpro.fr\/index.php?rest_route=\/wp\/v2\/pages\/9\/revisions\/165"}],"wp:featuredmedia":[{"embeddable":true,"href":"https:\/\/site27.monsitecommeunpro.fr\/index.php?rest_route=\/wp\/v2\/media\/164"}],"wp:attachment":[{"href":"https:\/\/site27.monsitecommeunpro.fr\/index.php?rest_route=%2Fwp%2Fv2%2Fmedia&parent=9"}],"curies":[{"name":"wp","href":"https:\/\/api.w.org\/{rel}","templated":true}]}}