{"id":83,"date":"2026-03-03T11:23:46","date_gmt":"2026-03-03T10:23:46","guid":{"rendered":"https:\/\/site27.monsitecommeunpro.fr\/?page_id=83"},"modified":"2026-04-27T11:54:46","modified_gmt":"2026-04-27T09:54:46","slug":"tennis-records-statistiques","status":"publish","type":"page","link":"https:\/\/site27.monsitecommeunpro.fr\/?page_id=83","title":{"rendered":"Tennis &#8211; Records &amp; Statistiques"},"content":{"rendered":"\n<p>Durant les 20 derni\u00e8res ann\u00e9es du tennis,<strong>\u00a0le Big 3 a pulv\u00e9ris\u00e9 une grande partie des records<\/strong>\u00a0qu\u2019il \u00e9tait possible de battre. Mais certains records qui valent le d\u00e9tour sont \u00e9galement d\u00e9tenus par des joueurs et joueuses bien moins c\u00e9l\u00e8bres.<\/p>\n\n\n\n<figure class=\"wp-block-gallery has-nested-images columns-default is-cropped wp-block-gallery-1 is-layout-flex wp-block-gallery-is-layout-flex\">\n<figure class=\"wp-block-image size-large\"><img loading=\"lazy\" decoding=\"async\" width=\"1024\" height=\"576\" data-id=\"158\" src=\"https:\/\/site27.monsitecommeunpro.fr\/wp-content\/uploads\/2026\/03\/Big-3-1024x576.webp\" alt=\"\" class=\"wp-image-158\" srcset=\"https:\/\/site27.monsitecommeunpro.fr\/wp-content\/uploads\/2026\/03\/Big-3-1024x576.webp 1024w, https:\/\/site27.monsitecommeunpro.fr\/wp-content\/uploads\/2026\/03\/Big-3-300x169.webp 300w, https:\/\/site27.monsitecommeunpro.fr\/wp-content\/uploads\/2026\/03\/Big-3-768x432.webp 768w, https:\/\/site27.monsitecommeunpro.fr\/wp-content\/uploads\/2026\/03\/Big-3.webp 1200w\" sizes=\"auto, (max-width: 1024px) 100vw, 1024px\" \/><\/figure>\n<\/figure>\n\n\n\n<h3 class=\"wp-block-heading\">La finale de tennis du Grand Chelem la plus courte 32 minutes<\/h3>\n\n\n\n<p>Cette m\u00eame ann\u00e9e 1988, lors de la finale de Roland Garros, Steffi Graf a humili\u00e9 Natasha Zvereva 6-0, 6-0 en seulement 32 minutes. Zvereva, n\u2019a r\u00e9ussi \u00e0 remporter que 13 points sur l\u2019ensemble du match. Ce match, historique par sa dur\u00e9e, t\u00e9moigne de la domination de l\u2019allemande \u00e0 cette \u00e9poque.<\/p>\n\n\n\n<h3 class=\"wp-block-heading\">18 finales en 19 tournois du Grand Chelem pour Roger Federer de 2005 \u00e0 2010 tennis<\/h3>\n\n\n\n<p>Parmi les dizaines de records que le Suisse poss\u00e8de, celui-ci est peut-\u00eatre le plus impressionnant. Entre la finale de Wimbledon en 2005, et la finale de l\u2019Open d\u2019Australie en 2010. <strong>Le maestro suisse a atteint toutes les finales possibles<\/strong>, \u00e0 l\u2019exception de celle de l\u2019Open d\u2019Australie 2008.<\/p>\n\n\n\n<p>Ni Rafael Nadal, ni Novak Djokovic, ni aucun autre joueur n\u2019ont effleur\u00e9 un tel exploit pour le moment.<\/p>\n\n\n\n<h3 class=\"wp-block-heading\">Le match le plus long en simple chez les hommes : 11h05<\/h3>\n\n\n\n<p>Chez les hommes, c\u2019est un grand classique. John Isner contre Nicolas Mahut au premier tour de Wimbledon en 2010.<\/p>\n\n\n\n<p>L\u2019Am\u00e9ricain et le Fran\u00e7ais ont jou\u00e9 pendant onze heures et cinq minutes. Trois jours cons\u00e9cutifs avant qu\u2019Isner ne sorte finalement vainqueur.\u00a0<strong>Le cinqui\u00e8me s\u2019achevant alors sur le score de 70-68.\u00a0<\/strong><\/p>\n\n\n\n<p>Le joueur am\u00e9ricain semble d\u2019ailleurs avoir un faible pour les matchs longs. Il a en effet \u00e9galement particip\u00e9 au 4\u00e8me match le plus long de l\u2019histoire. (6h35 face \u00e0 Kevin Anderson en demi-finale de l\u2019\u00e9dition 2018 de Wimbledon \u00e9galement).<\/p>\n\n\n\n<h3 class=\"wp-block-heading\">Le match le plus long en simple chez les femmes : 6h31<\/h3>\n\n\n\n<p>Le record du match le plus long en simple dames est d\u00e9tenu depuis 1983 par deux Am\u00e9ricaines. Vicki Nelson-Dunbar et Jean Hepner. Le match a eu lieu au tournoi de Richmond. Il s\u2019est termin\u00e9 par une victoire de Vicki Nelson sur le score de 6-4, 7-6 au bout de six heures et 31 minutes.<\/p>\n\n\n\n<h3 class=\"wp-block-heading\">Le service le plus rapide : 263,44 km\/h<\/h3>\n\n\n\n<p><a href=\"https:\/\/www.anybuddyapp.com\/blog\/services-tennis-record\/\">Le service le plus rapide jamais enregistr\u00e9<\/a>&nbsp;est sorti de la raquette du joueur australien Sam Groth.<strong>&nbsp;Il a \u00e9t\u00e9 enregistr\u00e9 \u00e0 263,44 km\/h<\/strong>&nbsp;lors d\u2019un tournoi de tennis ITF Challenger en 2012. Lorsque l\u2019on sait que la vitesse moyenne du premier service d\u2019un joueur de tennis masculin se situe g\u00e9n\u00e9ralement entre 190 et 200 km\/h, on peut se demander si ce record sera un joueur battu.<\/p>\n\n\n\n<p>Chez les femmes, c\u2019est Sabine Lisicki qui a \u00e9tabli le record \u00e0 210 km\/h le 9 juillet 2014 lors du premier tour du tournoi de Stanford.<\/p>\n\n\n\n<h3 class=\"wp-block-heading\">Le plus grand nombre d\u2019aces en une saison : 1477<\/h3>\n\n\n\n<p>Lors de la&nbsp;<strong>saison 1996, le Croate Goran Ivanisevic a r\u00e9alis\u00e9 pas moins de 1477 aces.<\/strong>&nbsp;Et chez les femmes, c\u2019est Karolina Pliskova qui d\u00e9tient le record sur une saison avec&nbsp;<strong>530 aces en 2016.<\/strong><\/p>\n\n\n\n<figure class=\"wp-block-image aligncenter size-full\"><img loading=\"lazy\" decoding=\"async\" width=\"225\" height=\"225\" src=\"https:\/\/site27.monsitecommeunpro.fr\/wp-content\/uploads\/2026\/03\/dife.png\" alt=\"\" class=\"wp-image-159\" srcset=\"https:\/\/site27.monsitecommeunpro.fr\/wp-content\/uploads\/2026\/03\/dife.png 225w, https:\/\/site27.monsitecommeunpro.fr\/wp-content\/uploads\/2026\/03\/dife-150x150.png 150w\" sizes=\"auto, (max-width: 225px) 100vw, 225px\" \/><\/figure>\n","protected":false},"excerpt":{"rendered":"<p>Durant les 20 derni\u00e8res ann\u00e9es du tennis,\u00a0le Big 3 a pulv\u00e9ris\u00e9 une grande partie des records\u00a0qu\u2019il \u00e9tait possible de battre. [&hellip;]<\/p>\n","protected":false},"author":1,"featured_media":0,"parent":0,"menu_order":0,"comment_status":"closed","ping_status":"closed","template":"","meta":{"site-sidebar-layout":"default","site-content-layout":"","ast-site-content-layout":"default","site-content-style":"default","site-sidebar-style":"default","ast-global-header-display":"","ast-banner-title-visibility":"","ast-main-header-display":"","ast-hfb-above-header-display":"","ast-hfb-below-header-display":"","ast-hfb-mobile-header-display":"","site-post-title":"","ast-breadcrumbs-content":"","ast-featured-img":"","footer-sml-layout":"","theme-transparent-header-meta":"","adv-header-id-meta":"","stick-header-meta":"","header-above-stick-meta":"","header-main-stick-meta":"","header-below-stick-meta":"","astra-migrate-meta-layouts":"default","ast-page-background-enabled":"default","ast-page-background-meta":{"desktop":{"background-color":"var(--ast-global-color-5)","background-image":"","background-repeat":"repeat","background-position":"center center","background-size":"auto","background-attachment":"scroll","background-type":"","background-media":"","overlay-type":"","overlay-color":"","overlay-opacity":"","overlay-gradient":""},"tablet":{"background-color":"","background-image":"","background-repeat":"repeat","background-position":"center center","background-size":"auto","background-attachment":"scroll","background-type":"","background-media":"","overlay-type":"","overlay-color":"","overlay-opacity":"","overlay-gradient":""},"mobile":{"background-color":"","background-image":"","background-repeat":"repeat","background-position":"center center","background-size":"auto","background-attachment":"scroll","background-type":"","background-media":"","overlay-type":"","overlay-color":"","overlay-opacity":"","overlay-gradient":""}},"ast-content-background-meta":{"desktop":{"background-color":"var(--ast-global-color-4)","background-image":"","background-repeat":"repeat","background-position":"center center","background-size":"auto","background-attachment":"scroll","background-type":"","background-media":"","overlay-type":"","overlay-color":"","overlay-opacity":"","overlay-gradient":""},"tablet":{"background-color":"var(--ast-global-color-4)","background-image":"","background-repeat":"repeat","background-position":"center center","background-size":"auto","background-attachment":"scroll","background-type":"","background-media":"","overlay-type":"","overlay-color":"","overlay-opacity":"","overlay-gradient":""},"mobile":{"background-color":"var(--ast-global-color-4)","background-image":"","background-repeat":"repeat","background-position":"center center","background-size":"auto","background-attachment":"scroll","background-type":"","background-media":"","overlay-type":"","overlay-color":"","overlay-opacity":"","overlay-gradient":""}},"footnotes":""},"class_list":["post-83","page","type-page","status-publish","hentry"],"yoast_head":"<!-- This site is optimized with the Yoast SEO plugin v27.0 - https:\/\/yoast.com\/product\/yoast-seo-wordpress\/ -->\n<title>Tennis - Records &amp; Statistiques - Tennis Pro<\/title>\n<meta name=\"description\" content=\"Retrouvez tous les plus grand record du monde de l&#039;histoire du tennis. #Roger Federer #Rafael Nadal #Novak Djokovic #Big 3\" \/>\n<meta name=\"robots\" content=\"index, follow, max-snippet:-1, max-image-preview:large, max-video-preview:-1\" \/>\n<link rel=\"canonical\" href=\"https:\/\/site27.monsitecommeunpro.fr\/?page_id=83\" \/>\n<meta property=\"og:locale\" content=\"fr_FR\" \/>\n<meta property=\"og:type\" content=\"article\" \/>\n<meta property=\"og:title\" content=\"Tennis - Records &amp; Statistiques - Tennis Pro\" \/>\n<meta property=\"og:description\" content=\"Retrouvez tous les plus grand record du monde de l&#039;histoire du tennis. #Roger Federer #Rafael Nadal #Novak Djokovic #Big 3\" \/>\n<meta property=\"og:url\" content=\"https:\/\/site27.monsitecommeunpro.fr\/?page_id=83\" \/>\n<meta property=\"og:site_name\" content=\"Tennis Pro\" \/>\n<meta property=\"article:modified_time\" content=\"2026-04-27T09:54:46+00:00\" \/>\n<meta property=\"og:image\" content=\"https:\/\/site27.monsitecommeunpro.fr\/wp-content\/uploads\/2026\/03\/Big-3.webp\" \/>\n\t<meta property=\"og:image:width\" content=\"1200\" \/>\n\t<meta property=\"og:image:height\" content=\"675\" \/>\n\t<meta property=\"og:image:type\" content=\"image\/webp\" \/>\n<meta name=\"twitter:card\" content=\"summary_large_image\" \/>\n<meta name=\"twitter:label1\" content=\"Dur\u00e9e de lecture estim\u00e9e\" \/>\n\t<meta name=\"twitter:data1\" content=\"3 minutes\" \/>\n<script type=\"application\/ld+json\" class=\"yoast-schema-graph\">{\"@context\":\"https:\/\/schema.org\",\"@graph\":[{\"@type\":\"WebPage\",\"@id\":\"https:\/\/site27.monsitecommeunpro.fr\/?page_id=83\",\"url\":\"https:\/\/site27.monsitecommeunpro.fr\/?page_id=83\",\"name\":\"Tennis - Records &amp; Statistiques - Tennis Pro\",\"isPartOf\":{\"@id\":\"https:\/\/site27.monsitecommeunpro.fr\/#website\"},\"primaryImageOfPage\":{\"@id\":\"https:\/\/site27.monsitecommeunpro.fr\/?page_id=83#primaryimage\"},\"image\":{\"@id\":\"https:\/\/site27.monsitecommeunpro.fr\/?page_id=83#primaryimage\"},\"thumbnailUrl\":\"https:\/\/site27.monsitecommeunpro.fr\/wp-content\/uploads\/2026\/03\/Big-3-1024x576.webp\",\"datePublished\":\"2026-03-03T10:23:46+00:00\",\"dateModified\":\"2026-04-27T09:54:46+00:00\",\"description\":\"Retrouvez tous les plus grand record du monde de l'histoire du tennis. #Roger Federer #Rafael Nadal #Novak Djokovic #Big 3\",\"breadcrumb\":{\"@id\":\"https:\/\/site27.monsitecommeunpro.fr\/?page_id=83#breadcrumb\"},\"inLanguage\":\"fr-FR\",\"potentialAction\":[{\"@type\":\"ReadAction\",\"target\":[\"https:\/\/site27.monsitecommeunpro.fr\/?page_id=83\"]}]},{\"@type\":\"ImageObject\",\"inLanguage\":\"fr-FR\",\"@id\":\"https:\/\/site27.monsitecommeunpro.fr\/?page_id=83#primaryimage\",\"url\":\"https:\/\/site27.monsitecommeunpro.fr\/wp-content\/uploads\/2026\/03\/Big-3.webp\",\"contentUrl\":\"https:\/\/site27.monsitecommeunpro.fr\/wp-content\/uploads\/2026\/03\/Big-3.webp\",\"width\":1200,\"height\":675},{\"@type\":\"BreadcrumbList\",\"@id\":\"https:\/\/site27.monsitecommeunpro.fr\/?page_id=83#breadcrumb\",\"itemListElement\":[{\"@type\":\"ListItem\",\"position\":1,\"name\":\"Accueil\",\"item\":\"https:\/\/site27.monsitecommeunpro.fr\/\"},{\"@type\":\"ListItem\",\"position\":2,\"name\":\"Tennis &#8211; Records &amp; Statistiques\"}]},{\"@type\":\"WebSite\",\"@id\":\"https:\/\/site27.monsitecommeunpro.fr\/#website\",\"url\":\"https:\/\/site27.monsitecommeunpro.fr\/\",\"name\":\"Tennis Pro\",\"description\":\"Plus qu&#039;un simple sport, c&#039;est une passion !\",\"publisher\":{\"@id\":\"https:\/\/site27.monsitecommeunpro.fr\/#organization\"},\"potentialAction\":[{\"@type\":\"SearchAction\",\"target\":{\"@type\":\"EntryPoint\",\"urlTemplate\":\"https:\/\/site27.monsitecommeunpro.fr\/?s={search_term_string}\"},\"query-input\":{\"@type\":\"PropertyValueSpecification\",\"valueRequired\":true,\"valueName\":\"search_term_string\"}}],\"inLanguage\":\"fr-FR\"},{\"@type\":\"Organization\",\"@id\":\"https:\/\/site27.monsitecommeunpro.fr\/#organization\",\"name\":\"Tennis Pro\",\"url\":\"https:\/\/site27.monsitecommeunpro.fr\/\",\"logo\":{\"@type\":\"ImageObject\",\"inLanguage\":\"fr-FR\",\"@id\":\"https:\/\/site27.monsitecommeunpro.fr\/#\/schema\/logo\/image\/\",\"url\":\"https:\/\/site27.monsitecommeunpro.fr\/wp-content\/uploads\/2026\/03\/cropped-vdhvhru.jpeg\",\"contentUrl\":\"https:\/\/site27.monsitecommeunpro.fr\/wp-content\/uploads\/2026\/03\/cropped-vdhvhru.jpeg\",\"width\":175,\"height\":176,\"caption\":\"Tennis Pro\"},\"image\":{\"@id\":\"https:\/\/site27.monsitecommeunpro.fr\/#\/schema\/logo\/image\/\"}}]}<\/script>\n<!-- \/ Yoast SEO plugin. -->","yoast_head_json":{"title":"Tennis - Records &amp; Statistiques - Tennis Pro","description":"Retrouvez tous les plus grand record du monde de l'histoire du tennis. #Roger Federer #Rafael Nadal #Novak Djokovic #Big 3","robots":{"index":"index","follow":"follow","max-snippet":"max-snippet:-1","max-image-preview":"max-image-preview:large","max-video-preview":"max-video-preview:-1"},"canonical":"https:\/\/site27.monsitecommeunpro.fr\/?page_id=83","og_locale":"fr_FR","og_type":"article","og_title":"Tennis - Records &amp; Statistiques - Tennis Pro","og_description":"Retrouvez tous les plus grand record du monde de l'histoire du tennis. #Roger Federer #Rafael Nadal #Novak Djokovic #Big 3","og_url":"https:\/\/site27.monsitecommeunpro.fr\/?page_id=83","og_site_name":"Tennis Pro","article_modified_time":"2026-04-27T09:54:46+00:00","og_image":[{"width":1200,"height":675,"url":"https:\/\/site27.monsitecommeunpro.fr\/wp-content\/uploads\/2026\/03\/Big-3.webp","type":"image\/webp"}],"twitter_card":"summary_large_image","twitter_misc":{"Dur\u00e9e de lecture estim\u00e9e":"3 minutes"},"schema":{"@context":"https:\/\/schema.org","@graph":[{"@type":"WebPage","@id":"https:\/\/site27.monsitecommeunpro.fr\/?page_id=83","url":"https:\/\/site27.monsitecommeunpro.fr\/?page_id=83","name":"Tennis - Records &amp; Statistiques - Tennis Pro","isPartOf":{"@id":"https:\/\/site27.monsitecommeunpro.fr\/#website"},"primaryImageOfPage":{"@id":"https:\/\/site27.monsitecommeunpro.fr\/?page_id=83#primaryimage"},"image":{"@id":"https:\/\/site27.monsitecommeunpro.fr\/?page_id=83#primaryimage"},"thumbnailUrl":"https:\/\/site27.monsitecommeunpro.fr\/wp-content\/uploads\/2026\/03\/Big-3-1024x576.webp","datePublished":"2026-03-03T10:23:46+00:00","dateModified":"2026-04-27T09:54:46+00:00","description":"Retrouvez tous les plus grand record du monde de l'histoire du tennis. #Roger Federer #Rafael Nadal #Novak Djokovic #Big 3","breadcrumb":{"@id":"https:\/\/site27.monsitecommeunpro.fr\/?page_id=83#breadcrumb"},"inLanguage":"fr-FR","potentialAction":[{"@type":"ReadAction","target":["https:\/\/site27.monsitecommeunpro.fr\/?page_id=83"]}]},{"@type":"ImageObject","inLanguage":"fr-FR","@id":"https:\/\/site27.monsitecommeunpro.fr\/?page_id=83#primaryimage","url":"https:\/\/site27.monsitecommeunpro.fr\/wp-content\/uploads\/2026\/03\/Big-3.webp","contentUrl":"https:\/\/site27.monsitecommeunpro.fr\/wp-content\/uploads\/2026\/03\/Big-3.webp","width":1200,"height":675},{"@type":"BreadcrumbList","@id":"https:\/\/site27.monsitecommeunpro.fr\/?page_id=83#breadcrumb","itemListElement":[{"@type":"ListItem","position":1,"name":"Accueil","item":"https:\/\/site27.monsitecommeunpro.fr\/"},{"@type":"ListItem","position":2,"name":"Tennis &#8211; Records &amp; Statistiques"}]},{"@type":"WebSite","@id":"https:\/\/site27.monsitecommeunpro.fr\/#website","url":"https:\/\/site27.monsitecommeunpro.fr\/","name":"Tennis Pro","description":"Plus qu&#039;un simple sport, c&#039;est une passion !","publisher":{"@id":"https:\/\/site27.monsitecommeunpro.fr\/#organization"},"potentialAction":[{"@type":"SearchAction","target":{"@type":"EntryPoint","urlTemplate":"https:\/\/site27.monsitecommeunpro.fr\/?s={search_term_string}"},"query-input":{"@type":"PropertyValueSpecification","valueRequired":true,"valueName":"search_term_string"}}],"inLanguage":"fr-FR"},{"@type":"Organization","@id":"https:\/\/site27.monsitecommeunpro.fr\/#organization","name":"Tennis Pro","url":"https:\/\/site27.monsitecommeunpro.fr\/","logo":{"@type":"ImageObject","inLanguage":"fr-FR","@id":"https:\/\/site27.monsitecommeunpro.fr\/#\/schema\/logo\/image\/","url":"https:\/\/site27.monsitecommeunpro.fr\/wp-content\/uploads\/2026\/03\/cropped-vdhvhru.jpeg","contentUrl":"https:\/\/site27.monsitecommeunpro.fr\/wp-content\/uploads\/2026\/03\/cropped-vdhvhru.jpeg","width":175,"height":176,"caption":"Tennis Pro"},"image":{"@id":"https:\/\/site27.monsitecommeunpro.fr\/#\/schema\/logo\/image\/"}}]}},"_links":{"self":[{"href":"https:\/\/site27.monsitecommeunpro.fr\/index.php?rest_route=\/wp\/v2\/pages\/83","targetHints":{"allow":["GET"]}}],"collection":[{"href":"https:\/\/site27.monsitecommeunpro.fr\/index.php?rest_route=\/wp\/v2\/pages"}],"about":[{"href":"https:\/\/site27.monsitecommeunpro.fr\/index.php?rest_route=\/wp\/v2\/types\/page"}],"author":[{"embeddable":true,"href":"https:\/\/site27.monsitecommeunpro.fr\/index.php?rest_route=\/wp\/v2\/users\/1"}],"replies":[{"embeddable":true,"href":"https:\/\/site27.monsitecommeunpro.fr\/index.php?rest_route=%2Fwp%2Fv2%2Fcomments&post=83"}],"version-history":[{"count":4,"href":"https:\/\/site27.monsitecommeunpro.fr\/index.php?rest_route=\/wp\/v2\/pages\/83\/revisions"}],"predecessor-version":[{"id":207,"href":"https:\/\/site27.monsitecommeunpro.fr\/index.php?rest_route=\/wp\/v2\/pages\/83\/revisions\/207"}],"wp:attachment":[{"href":"https:\/\/site27.monsitecommeunpro.fr\/index.php?rest_route=%2Fwp%2Fv2%2Fmedia&parent=83"}],"curies":[{"name":"wp","href":"https:\/\/api.w.org\/{rel}","templated":true}]}}