{"id":81,"date":"2026-03-03T11:23:25","date_gmt":"2026-03-03T10:23:25","guid":{"rendered":"https:\/\/site27.monsitecommeunpro.fr\/?page_id=81"},"modified":"2026-03-10T09:19:05","modified_gmt":"2026-03-10T08:19:05","slug":"top-10-de-lhistoire","status":"publish","type":"page","link":"https:\/\/site27.monsitecommeunpro.fr\/?page_id=81","title":{"rendered":"Top 10 de l\u2019histoire"},"content":{"rendered":"\n<div class=\"wp-block-media-text has-media-on-the-right is-stacked-on-mobile\"><div class=\"wp-block-media-text__content\">\n<ol class=\"wp-block-list\">\n<li>Rafael Nadal<\/li>\n<\/ol>\n\n\n\n<p>\u00ab\u00a0le roi de la terre battue\u00a0\u00bb, est le meilleur joueur du monde depuis plus d\u2019une d\u00e9cennie maintenant, et sa domination ne montre aucun signe d\u2019affaiblissement. \u00c0 35 ans, Nadal a remport\u00e9 le nombre impressionnant de 22 Grand Chelem dont 14 titres \u00e0 Roland Garros.<\/p>\n<\/div><figure class=\"wp-block-media-text__media\"><img loading=\"lazy\" decoding=\"async\" width=\"275\" height=\"183\" src=\"https:\/\/site27.monsitecommeunpro.fr\/wp-content\/uploads\/2026\/03\/hgyg.jpg\" alt=\"\" class=\"wp-image-145 size-full\"\/><\/figure><\/div>\n\n\n\n<div class=\"wp-block-media-text is-stacked-on-mobile\"><figure class=\"wp-block-media-text__media\"><img loading=\"lazy\" decoding=\"async\" width=\"263\" height=\"191\" src=\"https:\/\/site27.monsitecommeunpro.fr\/wp-content\/uploads\/2026\/03\/qesr.jpg\" alt=\"\" class=\"wp-image-146 size-full\"\/><\/figure><div class=\"wp-block-media-text__content\">\n<p>2. Novak Djokovic<\/p>\n\n\n\n<p>C&rsquo;est un joueur de tennis serbe, il a remport\u00e9 20 titres du Grand Chelem dont 9 Open d\u2019Australie, 6 Wimbledon et 2 Roland Garros.<\/p>\n<\/div><\/div>\n\n\n\n<div class=\"wp-block-media-text has-media-on-the-right is-stacked-on-mobile\"><div class=\"wp-block-media-text__content\">\n<p>3. Roger Federer<\/p>\n\n\n\n<p>Il a domin\u00e9 le tennis au cours des deux derni\u00e8res d\u00e9cennies, remportant 20 titres du Grand Chelem en simple, dont huit Wimbledon, cinq US Open et six Open d\u2019Australie. Sa capacit\u00e9 \u00e0 placer ses coups avec pr\u00e9cision et constance en fait un adversaire difficile \u00e0 battre. Il est aussi appr\u00e9ci\u00e9 pour son humilit\u00e9 et sa gentillesse en dehors du terrain.<\/p>\n<\/div><figure class=\"wp-block-media-text__media\"><img loading=\"lazy\" decoding=\"async\" width=\"270\" height=\"187\" src=\"https:\/\/site27.monsitecommeunpro.fr\/wp-content\/uploads\/2026\/03\/telechargement.jpg\" alt=\"\" class=\"wp-image-147 size-full\"\/><\/figure><\/div>\n\n\n\n<div class=\"wp-block-media-text is-stacked-on-mobile\"><figure class=\"wp-block-media-text__media\"><img loading=\"lazy\" decoding=\"async\" width=\"303\" height=\"166\" src=\"https:\/\/site27.monsitecommeunpro.fr\/wp-content\/uploads\/2026\/03\/sdtry.jpg\" alt=\"\" class=\"wp-image-148 size-full\" srcset=\"https:\/\/site27.monsitecommeunpro.fr\/wp-content\/uploads\/2026\/03\/sdtry.jpg 303w, https:\/\/site27.monsitecommeunpro.fr\/wp-content\/uploads\/2026\/03\/sdtry-300x164.jpg 300w\" sizes=\"auto, (max-width: 303px) 100vw, 303px\" \/><\/figure><div class=\"wp-block-media-text__content\">\n<p>4. Pete Sampras<\/p>\n\n\n\n<p>C&rsquo;\u00e9tait l\u2019un des meilleurs joueurs de tennis de l\u2019histoire. Il a remport\u00e9 14 titres du Grand Chelem en 21 ans de carri\u00e8re, dont sept couronnes de Wimbledon et cinq US Opens. Il \u00e9tait le joueur le plus dominant de son \u00e9poque. Son service pouvait atteindre des vitesses de 201 km\/h.<\/p>\n<\/div><\/div>\n\n\n\n<div class=\"wp-block-media-text has-media-on-the-right is-stacked-on-mobile\"><div class=\"wp-block-media-text__content\">\n<p>5. Andre Kirk Agassi<\/p>\n\n\n\n<p>Il a remport\u00e9 60 titres en simple dont dix titres majeurs : \u00a0huit Grand Chelem, un Masters et un titre olympique. Andre Agassi \u00e9tait connu pour son style fluide et sans effort. Il avait un service puissant et un coup droit lift\u00e9 qui pouvait tromper n\u2019importe quel adversaire.<\/p>\n<\/div><figure class=\"wp-block-media-text__media\"><img loading=\"lazy\" decoding=\"async\" width=\"259\" height=\"194\" src=\"https:\/\/site27.monsitecommeunpro.fr\/wp-content\/uploads\/2026\/03\/psfio.jpg\" alt=\"\" class=\"wp-image-149 size-full\"\/><\/figure><\/div>\n\n\n\n<div class=\"wp-block-media-text is-stacked-on-mobile\"><figure class=\"wp-block-media-text__media\"><img loading=\"lazy\" decoding=\"async\" width=\"276\" height=\"183\" src=\"https:\/\/site27.monsitecommeunpro.fr\/wp-content\/uploads\/2026\/03\/gfdesz.jpg\" alt=\"\" class=\"wp-image-150 size-full\"\/><\/figure><div class=\"wp-block-media-text__content\">\n<p>6. Bj\u00f6rn Borg<\/p>\n\n\n\n<p>Il a \u00e9t\u00e9 l\u2019un des plus grands joueurs de tennis de tous les temps, remportant 11 titres du Grand Chelem de 1976 \u00e0 1981, dont cinq titres cons\u00e9cutifs \u00e0 Wimbledon et trois titres cons\u00e9cutifs \u00e0 Roland-Garros. Il est connu pour son calme et son sang-froid, tant sur le court qu\u2019en dehors.<\/p>\n<\/div><\/div>\n\n\n\n<div class=\"wp-block-media-text has-media-on-the-right is-stacked-on-mobile\"><div class=\"wp-block-media-text__content\">\n<p>7. John Patrick McEnroe, Jr.<\/p>\n\n\n\n<p>Il a remport\u00e9 sept titres du Grand Chelem en simple : trois \u00e0 Wimbledon et quatre \u00e0 l\u2019US Open. McEnroe est surtout connu pour son comportement capricieux sur le court, qui l\u2019a souvent mis en conflit avec les arbitres et les autorit\u00e9s du tennis.<\/p>\n<\/div><figure class=\"wp-block-media-text__media\"><img loading=\"lazy\" decoding=\"async\" width=\"208\" height=\"243\" src=\"https:\/\/site27.monsitecommeunpro.fr\/wp-content\/uploads\/2026\/03\/jhygfrd.jpg\" alt=\"\" class=\"wp-image-151 size-full\"\/><\/figure><\/div>\n\n\n\n<div class=\"wp-block-media-text is-stacked-on-mobile\"><figure class=\"wp-block-media-text__media\"><img loading=\"lazy\" decoding=\"async\" width=\"225\" height=\"225\" src=\"https:\/\/site27.monsitecommeunpro.fr\/wp-content\/uploads\/2026\/03\/hygf.jpg\" alt=\"\" class=\"wp-image-152 size-full\" srcset=\"https:\/\/site27.monsitecommeunpro.fr\/wp-content\/uploads\/2026\/03\/hygf.jpg 225w, https:\/\/site27.monsitecommeunpro.fr\/wp-content\/uploads\/2026\/03\/hygf-150x150.jpg 150w\" sizes=\"auto, (max-width: 225px) 100vw, 225px\" \/><\/figure><div class=\"wp-block-media-text__content\">\n<p>8. Jimmy Connors<\/p>\n\n\n\n<p>Il a remport\u00e9 8 grand Chelem dont cinq US Open et deux Wimbledon , et son total de 109 titres en simple est le troisi\u00e8me record de tous les temps. Malgr\u00e9 son style de jeu agressif, il \u00e9tait connu pour son esprit sportif et sa capacit\u00e9 \u00e0 apprendre de ses erreurs.<\/p>\n<\/div><\/div>\n\n\n\n<div class=\"wp-block-media-text has-media-on-the-right is-stacked-on-mobile\"><div class=\"wp-block-media-text__content\">\n<p>9. Boris Becker<\/p>\n\n\n\n<p>Le joueur Allemand est c\u00e9l\u00e8bre pour avoir remport\u00e9 Wimbledon \u00e0 17 ans, faisant de lui le plus jeune champion de l\u2019histoire. Il a \u00a0remport\u00e9 6 tournois du Grand Chelem<\/p>\n<\/div><figure class=\"wp-block-media-text__media\"><img loading=\"lazy\" decoding=\"async\" width=\"275\" height=\"183\" src=\"https:\/\/site27.monsitecommeunpro.fr\/wp-content\/uploads\/2026\/03\/hjgfyurt.jpg\" alt=\"\" class=\"wp-image-153 size-full\"\/><\/figure><\/div>\n\n\n\n<div class=\"wp-block-media-text is-stacked-on-mobile\"><figure class=\"wp-block-media-text__media\"><img loading=\"lazy\" decoding=\"async\" width=\"191\" height=\"264\" src=\"https:\/\/site27.monsitecommeunpro.fr\/wp-content\/uploads\/2026\/03\/dhgfgui.jpg\" alt=\"\" class=\"wp-image-154 size-full\"\/><\/figure><div class=\"wp-block-media-text__content\">\n<p>10. Ivan Lendl<\/p>\n\n\n\n<p>C&rsquo;est un ancien joueur de tennis professionnel tch\u00e9coslovaque. Il a \u00e9t\u00e9 class\u00e9 num\u00e9ro 1 mondial et a remport\u00e9 huit Grand Chelem. Il a \u00e9galement fait partie de l\u2019\u00e9quipe gagnante de la Coupe Davis en 1990.<\/p>\n<\/div><\/div>\n\n\n\n<p><\/p>\n","protected":false},"excerpt":{"rendered":"<p>2. Novak Djokovic C&rsquo;est un joueur de tennis serbe, il a remport\u00e9 20 titres du Grand Chelem dont 9 Open [&hellip;]<\/p>\n","protected":false},"author":1,"featured_media":0,"parent":0,"menu_order":0,"comment_status":"closed","ping_status":"closed","template":"","meta":{"site-sidebar-layout":"default","site-content-layout":"","ast-site-content-layout":"default","site-content-style":"default","site-sidebar-style":"default","ast-global-header-display":"","ast-banner-title-visibility":"","ast-main-header-display":"","ast-hfb-above-header-display":"","ast-hfb-below-header-display":"","ast-hfb-mobile-header-display":"","site-post-title":"","ast-breadcrumbs-content":"","ast-featured-img":"","footer-sml-layout":"","theme-transparent-header-meta":"","adv-header-id-meta":"","stick-header-meta":"","header-above-stick-meta":"","header-main-stick-meta":"","header-below-stick-meta":"","astra-migrate-meta-layouts":"default","ast-page-background-enabled":"default","ast-page-background-meta":{"desktop":{"background-color":"var(--ast-global-color-5)","background-image":"","background-repeat":"repeat","background-position":"center center","background-size":"auto","background-attachment":"scroll","background-type":"","background-media":"","overlay-type":"","overlay-color":"","overlay-opacity":"","overlay-gradient":""},"tablet":{"background-color":"","background-image":"","background-repeat":"repeat","background-position":"center center","background-size":"auto","background-attachment":"scroll","background-type":"","background-media":"","overlay-type":"","overlay-color":"","overlay-opacity":"","overlay-gradient":""},"mobile":{"background-color":"","background-image":"","background-repeat":"repeat","background-position":"center center","background-size":"auto","background-attachment":"scroll","background-type":"","background-media":"","overlay-type":"","overlay-color":"","overlay-opacity":"","overlay-gradient":""}},"ast-content-background-meta":{"desktop":{"background-color":"var(--ast-global-color-4)","background-image":"","background-repeat":"repeat","background-position":"center center","background-size":"auto","background-attachment":"scroll","background-type":"","background-media":"","overlay-type":"","overlay-color":"","overlay-opacity":"","overlay-gradient":""},"tablet":{"background-color":"var(--ast-global-color-4)","background-image":"","background-repeat":"repeat","background-position":"center center","background-size":"auto","background-attachment":"scroll","background-type":"","background-media":"","overlay-type":"","overlay-color":"","overlay-opacity":"","overlay-gradient":""},"mobile":{"background-color":"var(--ast-global-color-4)","background-image":"","background-repeat":"repeat","background-position":"center center","background-size":"auto","background-attachment":"scroll","background-type":"","background-media":"","overlay-type":"","overlay-color":"","overlay-opacity":"","overlay-gradient":""}},"footnotes":""},"class_list":["post-81","page","type-page","status-publish","hentry"],"yoast_head":"<!-- This site is optimized with the Yoast SEO plugin v27.0 - https:\/\/yoast.com\/product\/yoast-seo-wordpress\/ -->\n<title>Top 10 de l\u2019histoire - Tennis Pro<\/title>\n<meta name=\"robots\" content=\"index, follow, max-snippet:-1, max-image-preview:large, max-video-preview:-1\" \/>\n<link rel=\"canonical\" href=\"https:\/\/site27.monsitecommeunpro.fr\/?page_id=81\" \/>\n<meta property=\"og:locale\" content=\"fr_FR\" \/>\n<meta property=\"og:type\" content=\"article\" \/>\n<meta property=\"og:title\" content=\"Top 10 de l\u2019histoire - Tennis Pro\" \/>\n<meta property=\"og:description\" content=\"2. Novak Djokovic C&rsquo;est un joueur de tennis serbe, il a remport\u00e9 20 titres du Grand Chelem dont 9 Open [&hellip;]\" \/>\n<meta property=\"og:url\" content=\"https:\/\/site27.monsitecommeunpro.fr\/?page_id=81\" \/>\n<meta property=\"og:site_name\" content=\"Tennis Pro\" \/>\n<meta property=\"article:modified_time\" content=\"2026-03-10T08:19:05+00:00\" \/>\n<meta property=\"og:image\" content=\"https:\/\/site27.monsitecommeunpro.fr\/wp-content\/uploads\/2026\/03\/hgyg.jpg\" \/>\n\t<meta property=\"og:image:width\" content=\"275\" \/>\n\t<meta property=\"og:image:height\" content=\"183\" \/>\n\t<meta property=\"og:image:type\" content=\"image\/jpeg\" \/>\n<meta name=\"twitter:card\" content=\"summary_large_image\" \/>\n<meta name=\"twitter:label1\" content=\"Dur\u00e9e de lecture estim\u00e9e\" \/>\n\t<meta name=\"twitter:data1\" content=\"2 minutes\" \/>\n<script type=\"application\/ld+json\" class=\"yoast-schema-graph\">{\"@context\":\"https:\/\/schema.org\",\"@graph\":[{\"@type\":\"WebPage\",\"@id\":\"https:\/\/site27.monsitecommeunpro.fr\/?page_id=81\",\"url\":\"https:\/\/site27.monsitecommeunpro.fr\/?page_id=81\",\"name\":\"Top 10 de l\u2019histoire - Tennis Pro\",\"isPartOf\":{\"@id\":\"https:\/\/site27.monsitecommeunpro.fr\/#website\"},\"primaryImageOfPage\":{\"@id\":\"https:\/\/site27.monsitecommeunpro.fr\/?page_id=81#primaryimage\"},\"image\":{\"@id\":\"https:\/\/site27.monsitecommeunpro.fr\/?page_id=81#primaryimage\"},\"thumbnailUrl\":\"https:\/\/site27.monsitecommeunpro.fr\/wp-content\/uploads\/2026\/03\/hgyg.jpg\",\"datePublished\":\"2026-03-03T10:23:25+00:00\",\"dateModified\":\"2026-03-10T08:19:05+00:00\",\"breadcrumb\":{\"@id\":\"https:\/\/site27.monsitecommeunpro.fr\/?page_id=81#breadcrumb\"},\"inLanguage\":\"fr-FR\",\"potentialAction\":[{\"@type\":\"ReadAction\",\"target\":[\"https:\/\/site27.monsitecommeunpro.fr\/?page_id=81\"]}]},{\"@type\":\"ImageObject\",\"inLanguage\":\"fr-FR\",\"@id\":\"https:\/\/site27.monsitecommeunpro.fr\/?page_id=81#primaryimage\",\"url\":\"https:\/\/site27.monsitecommeunpro.fr\/wp-content\/uploads\/2026\/03\/hgyg.jpg\",\"contentUrl\":\"https:\/\/site27.monsitecommeunpro.fr\/wp-content\/uploads\/2026\/03\/hgyg.jpg\",\"width\":275,\"height\":183},{\"@type\":\"BreadcrumbList\",\"@id\":\"https:\/\/site27.monsitecommeunpro.fr\/?page_id=81#breadcrumb\",\"itemListElement\":[{\"@type\":\"ListItem\",\"position\":1,\"name\":\"Accueil\",\"item\":\"https:\/\/site27.monsitecommeunpro.fr\/\"},{\"@type\":\"ListItem\",\"position\":2,\"name\":\"Top 10 de l\u2019histoire\"}]},{\"@type\":\"WebSite\",\"@id\":\"https:\/\/site27.monsitecommeunpro.fr\/#website\",\"url\":\"https:\/\/site27.monsitecommeunpro.fr\/\",\"name\":\"Tennis Pro\",\"description\":\"Plus qu&#039;un simple sport, c&#039;est une passion !\",\"publisher\":{\"@id\":\"https:\/\/site27.monsitecommeunpro.fr\/#organization\"},\"potentialAction\":[{\"@type\":\"SearchAction\",\"target\":{\"@type\":\"EntryPoint\",\"urlTemplate\":\"https:\/\/site27.monsitecommeunpro.fr\/?s={search_term_string}\"},\"query-input\":{\"@type\":\"PropertyValueSpecification\",\"valueRequired\":true,\"valueName\":\"search_term_string\"}}],\"inLanguage\":\"fr-FR\"},{\"@type\":\"Organization\",\"@id\":\"https:\/\/site27.monsitecommeunpro.fr\/#organization\",\"name\":\"Tennis Pro\",\"url\":\"https:\/\/site27.monsitecommeunpro.fr\/\",\"logo\":{\"@type\":\"ImageObject\",\"inLanguage\":\"fr-FR\",\"@id\":\"https:\/\/site27.monsitecommeunpro.fr\/#\/schema\/logo\/image\/\",\"url\":\"https:\/\/site27.monsitecommeunpro.fr\/wp-content\/uploads\/2026\/03\/cropped-vdhvhru.jpeg\",\"contentUrl\":\"https:\/\/site27.monsitecommeunpro.fr\/wp-content\/uploads\/2026\/03\/cropped-vdhvhru.jpeg\",\"width\":175,\"height\":176,\"caption\":\"Tennis Pro\"},\"image\":{\"@id\":\"https:\/\/site27.monsitecommeunpro.fr\/#\/schema\/logo\/image\/\"}}]}<\/script>\n<!-- \/ Yoast SEO plugin. -->","yoast_head_json":{"title":"Top 10 de l\u2019histoire - Tennis Pro","robots":{"index":"index","follow":"follow","max-snippet":"max-snippet:-1","max-image-preview":"max-image-preview:large","max-video-preview":"max-video-preview:-1"},"canonical":"https:\/\/site27.monsitecommeunpro.fr\/?page_id=81","og_locale":"fr_FR","og_type":"article","og_title":"Top 10 de l\u2019histoire - Tennis Pro","og_description":"2. Novak Djokovic C&rsquo;est un joueur de tennis serbe, il a remport\u00e9 20 titres du Grand Chelem dont 9 Open [&hellip;]","og_url":"https:\/\/site27.monsitecommeunpro.fr\/?page_id=81","og_site_name":"Tennis Pro","article_modified_time":"2026-03-10T08:19:05+00:00","og_image":[{"width":275,"height":183,"url":"https:\/\/site27.monsitecommeunpro.fr\/wp-content\/uploads\/2026\/03\/hgyg.jpg","type":"image\/jpeg"}],"twitter_card":"summary_large_image","twitter_misc":{"Dur\u00e9e de lecture estim\u00e9e":"2 minutes"},"schema":{"@context":"https:\/\/schema.org","@graph":[{"@type":"WebPage","@id":"https:\/\/site27.monsitecommeunpro.fr\/?page_id=81","url":"https:\/\/site27.monsitecommeunpro.fr\/?page_id=81","name":"Top 10 de l\u2019histoire - Tennis Pro","isPartOf":{"@id":"https:\/\/site27.monsitecommeunpro.fr\/#website"},"primaryImageOfPage":{"@id":"https:\/\/site27.monsitecommeunpro.fr\/?page_id=81#primaryimage"},"image":{"@id":"https:\/\/site27.monsitecommeunpro.fr\/?page_id=81#primaryimage"},"thumbnailUrl":"https:\/\/site27.monsitecommeunpro.fr\/wp-content\/uploads\/2026\/03\/hgyg.jpg","datePublished":"2026-03-03T10:23:25+00:00","dateModified":"2026-03-10T08:19:05+00:00","breadcrumb":{"@id":"https:\/\/site27.monsitecommeunpro.fr\/?page_id=81#breadcrumb"},"inLanguage":"fr-FR","potentialAction":[{"@type":"ReadAction","target":["https:\/\/site27.monsitecommeunpro.fr\/?page_id=81"]}]},{"@type":"ImageObject","inLanguage":"fr-FR","@id":"https:\/\/site27.monsitecommeunpro.fr\/?page_id=81#primaryimage","url":"https:\/\/site27.monsitecommeunpro.fr\/wp-content\/uploads\/2026\/03\/hgyg.jpg","contentUrl":"https:\/\/site27.monsitecommeunpro.fr\/wp-content\/uploads\/2026\/03\/hgyg.jpg","width":275,"height":183},{"@type":"BreadcrumbList","@id":"https:\/\/site27.monsitecommeunpro.fr\/?page_id=81#breadcrumb","itemListElement":[{"@type":"ListItem","position":1,"name":"Accueil","item":"https:\/\/site27.monsitecommeunpro.fr\/"},{"@type":"ListItem","position":2,"name":"Top 10 de l\u2019histoire"}]},{"@type":"WebSite","@id":"https:\/\/site27.monsitecommeunpro.fr\/#website","url":"https:\/\/site27.monsitecommeunpro.fr\/","name":"Tennis Pro","description":"Plus qu&#039;un simple sport, c&#039;est une passion !","publisher":{"@id":"https:\/\/site27.monsitecommeunpro.fr\/#organization"},"potentialAction":[{"@type":"SearchAction","target":{"@type":"EntryPoint","urlTemplate":"https:\/\/site27.monsitecommeunpro.fr\/?s={search_term_string}"},"query-input":{"@type":"PropertyValueSpecification","valueRequired":true,"valueName":"search_term_string"}}],"inLanguage":"fr-FR"},{"@type":"Organization","@id":"https:\/\/site27.monsitecommeunpro.fr\/#organization","name":"Tennis Pro","url":"https:\/\/site27.monsitecommeunpro.fr\/","logo":{"@type":"ImageObject","inLanguage":"fr-FR","@id":"https:\/\/site27.monsitecommeunpro.fr\/#\/schema\/logo\/image\/","url":"https:\/\/site27.monsitecommeunpro.fr\/wp-content\/uploads\/2026\/03\/cropped-vdhvhru.jpeg","contentUrl":"https:\/\/site27.monsitecommeunpro.fr\/wp-content\/uploads\/2026\/03\/cropped-vdhvhru.jpeg","width":175,"height":176,"caption":"Tennis Pro"},"image":{"@id":"https:\/\/site27.monsitecommeunpro.fr\/#\/schema\/logo\/image\/"}}]}},"_links":{"self":[{"href":"https:\/\/site27.monsitecommeunpro.fr\/index.php?rest_route=\/wp\/v2\/pages\/81","targetHints":{"allow":["GET"]}}],"collection":[{"href":"https:\/\/site27.monsitecommeunpro.fr\/index.php?rest_route=\/wp\/v2\/pages"}],"about":[{"href":"https:\/\/site27.monsitecommeunpro.fr\/index.php?rest_route=\/wp\/v2\/types\/page"}],"author":[{"embeddable":true,"href":"https:\/\/site27.monsitecommeunpro.fr\/index.php?rest_route=\/wp\/v2\/users\/1"}],"replies":[{"embeddable":true,"href":"https:\/\/site27.monsitecommeunpro.fr\/index.php?rest_route=%2Fwp%2Fv2%2Fcomments&post=81"}],"version-history":[{"count":3,"href":"https:\/\/site27.monsitecommeunpro.fr\/index.php?rest_route=\/wp\/v2\/pages\/81\/revisions"}],"predecessor-version":[{"id":155,"href":"https:\/\/site27.monsitecommeunpro.fr\/index.php?rest_route=\/wp\/v2\/pages\/81\/revisions\/155"}],"wp:attachment":[{"href":"https:\/\/site27.monsitecommeunpro.fr\/index.php?rest_route=%2Fwp%2Fv2%2Fmedia&parent=81"}],"curies":[{"name":"wp","href":"https:\/\/api.w.org\/{rel}","templated":true}]}}